{"id":57619,"date":"2021-01-26T08:16:40","date_gmt":"2021-01-26T07:16:40","guid":{"rendered":"http:\/\/coffein-compagnie.de.w01bd71c.kasserver.com\/standorte\/"},"modified":"2025-09-29T12:21:54","modified_gmt":"2025-09-29T10:21:54","slug":"standorte","status":"publish","type":"page","link":"https:\/\/www.coffein-compagnie.de\/en\/standorte\/","title":{"rendered":"Locations"},"content":{"rendered":"<div class=\"wpb-content-wrapper\"><p>[vc_row content_placement=&#8221;bottom&#8221; bg_type=&#8221;image&#8221; parallax_style=&#8221;vcpb-default&#8221; bg_image_new=&#8221;id^58282|url^https:\/\/www.coffein-compagnie.de\/wp-content\/uploads\/2021\/06\/iStock-182726638-scaled.jpg|caption^World map shape made with coffee beans|alt^null|title^Coffee world map|description^null&#8221; bg_image_repeat=&#8221;no-repeat&#8221; bg_override=&#8221;full&#8221; type=&#8221;vc_default&#8221; css=&#8221;.vc_custom_1627470569015{padding-top: 100px !important;padding-right: 0px !important;padding-left: 0px !important;}&#8221; el_id=&#8221;ccPageHeader&#8221; el_class=&#8221;ccPageHeader&#8221;][vc_column][vc_row_inner equal_height=&#8221;yes&#8221; css=&#8221;.vc_custom_1624371500367{padding-top: 82px !important;}&#8221; el_class=&#8221;reverse-row-on-mobile&#8221; el_id=&#8221;HeadingBlock1&#8243;][vc_column_inner el_class=&#8221;ccheader&#8221; width=&#8221;7\/12&#8243; offset=&#8221;vc_col-lg-12 vc_col-md-12 vc_col-xs-12&#8243; css=&#8221;.vc_custom_1643043459116{margin-top: 0px !important;margin-right: 0px !important;margin-bottom: 0px !important;margin-left: 0px !important;padding-top: 0px !important;padding-right: 25px !important;padding-bottom: 40px !important;padding-left: 25px !important;}&#8221;]<div id=\"ultimate-heading-4026a078e844357f\" class=\"uvc-heading ult-adjust-bottom-margin ultimate-heading-4026a078e844357f uvc-7194  uvc-heading-default-font-sizes\" data-hspacer=\"no_spacer\"  data-halign=\"left\" style=\"text-align:left\"><div class=\"uvc-heading-spacer no_spacer\" style=\"top\"><\/div><div class=\"uvc-main-heading ult-responsive\"  data-ultimate-target='.uvc-heading.ultimate-heading-4026a078e844357f h1'  data-responsive-json-new='{\"font-size\":\"\",\"line-height\":\"\"}' ><h1 style=\"font-weight:bold;color:#d1e294;margin-bottom:15px;\">Our Locations<\/h1><\/div><\/div><div id=\"ultimate-heading-82516a078e84435c8\" class=\"uvc-heading ult-adjust-bottom-margin ultimate-heading-82516a078e84435c8 uvc-9523 font20_25 uvc-heading-default-font-sizes\" data-hspacer=\"no_spacer\"  data-halign=\"left\" style=\"text-align:left\"><div class=\"uvc-heading-spacer no_spacer\" style=\"top\"><\/div><div class=\"uvc-sub-heading ult-responsive\"  data-ultimate-target='.uvc-heading.ultimate-heading-82516a078e84435c8 .uvc-sub-heading '  data-responsive-json-new='{\"font-size\":\"\",\"line-height\":\"\"}'  style=\"font-weight:normal;color:#ffffff;margin-bottom:30px;\">The Coffein Compagnie developed over the years to an international group of companies with branches in Asia, Europe and North and South America. This enables us to offer our products and services in decaffeination and production of pure caffeine worldwide.<\/div><\/div>[\/vc_column_inner][\/vc_row_inner][\/vc_column][\/vc_row][vc_row][vc_column]<div style=\"width:;\" class=\"cqtooltip-wrapper CCWorldMap\" data-opacity=\"1\" data-tooltipanimation=\"grow\" data-tooltipstyle=\"light\" data-trigger=\"click\" data-maxwidth=\"400\" data-marginoffset=\"-26px 0 0 -4px\" data-isdisplayall=\"off\" data-displayednum=\"1\"><img decoding=\"async\" src=\"https:\/\/www.coffein-compagnie.de\/wp-content\/uploads\/2021\/07\/Weltkarte4.png\" alt=\"\" \/><div class=\"cq-hotspots\"><div class=\"hotspot-item pulse-white \" style=\"top:40.5%;left:25.7%;\" data-top=\"40.5%\" data-left=\"25.7%\"><a href=\"#\" class=\"cq-tooltip\" style=\"background:#ffffff;\" data-tooltip=\"\n&lt;h5&gt;Coffein Compagnie in Miami, USA&lt;\/h5&gt;\n&lt;p&gt;&lt;span style=&quot;color: #939c50;&quot;&gt;&lt;strong&gt;Coffein Compagnie USA Inc.&lt;\/strong&gt;&lt;\/span&gt;&lt;\/p&gt;\n&lt;div class=&quot;ccMapLeft&quot;&gt;&lt;strong&gt;Adresse:&lt;\/strong&gt;&lt;\/div&gt;\n&lt;div class=&quot;ccMapLeft&quot; style=&quot;text-align: left;&quot;&gt;\n&lt;div class=&quot;ccMapLeft&quot;&gt;210 Valencia Ave&lt;br \/&gt;\nCoral Gables, FL 33134&lt;\/div&gt;\n&lt;div&gt;USA&lt;\/div&gt;\n&lt;\/div&gt;\n&lt;div class=&quot;ccMapRight&quot;&gt;&lt;strong&gt;Kontakt&lt;\/strong&gt;:&lt;br \/&gt;\nE-Mail: &lt;a href=&quot;mailto:info@coffein-compagnie.de&quot;&gt;info@coffein-compagnie.de&lt;\/a&gt;&lt;br \/&gt;\nTel.: +49 (421) 4101-116&lt;\/div&gt;\n&lt;div&gt;&lt;\/div&gt;\n&lt;div class=&quot;ccReadMore&quot;&gt;&lt;a href=&quot;#usaPin&quot;&gt;mehr lesen&lt;\/a&gt;&lt;\/div&gt;\n&lt;p&gt;\" data-arrowposition=\"bottom\"><span style=\"background:#ffffff;\"><\/span><\/a><\/div><div class=\"hotspot-item pulse-white \" style=\"top:55%;left:27%;\" data-top=\"55%\" data-left=\"27%\"><a href=\"#\" class=\"cq-tooltip\" style=\"background:#ffffff;\" data-tooltip=\"\n&lt;h5&gt;Coffein Compagnie in Manizales, Kolumbien&lt;\/h5&gt;\n&lt;p&gt;&lt;span style=&quot;color: #939c50;&quot;&gt;&lt;strong&gt;Compa\u00f1\u00eda Nacional del Caf\u00e9 SAS (CNC)&lt;\/strong&gt;&lt;\/span&gt;&lt;\/p&gt;\n&lt;div class=&quot;ccMapLeft&quot;&gt;&lt;strong&gt;Adresse:&lt;\/strong&gt;&lt;br \/&gt;\nEdificio Portal del Cable &amp;#8211; Torre Empresarial&lt;br \/&gt;\nCalle 64a No. 21-50 Oficina 1301&lt;br \/&gt;\nManizales&lt;\/div&gt;\n&lt;div class=&quot;ccMapLeft&quot;&gt;Kolumbien&lt;\/div&gt;\n&lt;div class=&quot;ccMapRight&quot;&gt;&lt;strong&gt;Kontakt&lt;\/strong&gt;:&lt;br \/&gt;\nE-Mail: &lt;a href=&quot;mailto:info@coffein-compagnie.de&quot;&gt;info@coffein-compagnie.de&lt;\/a&gt;&lt;br \/&gt;\nTel.: +49 (421) 4101-116&lt;\/div&gt;\n&lt;div&gt;&lt;\/div&gt;\n&lt;div class=&quot;ccReadMore&quot;&gt;&lt;a href=&quot;#kolumbienPin&quot;&gt;mehr lesen&lt;\/a&gt;&lt;\/div&gt;\n&lt;p&gt;\" data-arrowposition=\"bottom\"><span style=\"background:#ffffff;\"><\/span><\/a><\/div><div class=\"hotspot-item pulse-white \" style=\"top:23%;left:48.3%;\" data-top=\"23%\" data-left=\"48.3%\"><a href=\"#\" class=\"cq-tooltip\" style=\"background:#ffffff;\" data-tooltip=\"\n&lt;h5&gt;Coffein Compagnie in Bremen, Deutschland&lt;\/h5&gt;\n&lt;p&gt;&lt;span style=&quot;color: #939c50;&quot;&gt;&lt;strong&gt;Coffein Compagnie GmbH &amp;amp; Co. KG&lt;\/strong&gt;&lt;\/span&gt;&lt;\/p&gt;\n&lt;div class=&quot;ccMapLeft&quot;&gt;&lt;strong&gt;Adresse:&lt;\/strong&gt;&lt;br \/&gt;\nSegelsbr\u00fcck 7&lt;br \/&gt;\n28309 Bremen&lt;\/div&gt;\n&lt;div&gt;Deutschland&lt;\/div&gt;\n&lt;div class=&quot;ccMapRight&quot;&gt;&lt;strong&gt;Kontakt&lt;\/strong&gt;:&lt;br \/&gt;\nE-Mail: &lt;a href=&quot;mailto:info@coffein-compagnie.de&quot;&gt;info@coffein-compagnie.de&lt;\/a&gt;&lt;br \/&gt;\nTel.: +49 (421) 4101-116&lt;\/div&gt;\n&lt;div&gt;&lt;\/div&gt;\n&lt;div class=&quot;ccReadMore&quot;&gt;&lt;a href=&quot;#deutschlandPin&quot;&gt;mehr lesen&lt;\/a&gt;&lt;\/div&gt;\n&lt;p&gt;\" data-arrowposition=\"bottom\"><span style=\"background:#ffffff;\"><\/span><\/a><\/div><div class=\"hotspot-item pulse-white \" style=\"top:29%;left:49%;\" data-top=\"29%\" data-left=\"49%\"><a href=\"#\" class=\"cq-tooltip\" style=\"background:#ffffff;\" data-tooltip=\"\n&lt;h5&gt;Coffein Compagnie in Albenga, Italien&lt;\/h5&gt;\n&lt;p&gt;&lt;span style=&quot;color: #939c50;&quot;&gt;&lt;strong&gt;Coffein Compagnie Italy S.r.l.\u00a0&lt;\/strong&gt;&lt;\/span&gt;&lt;\/p&gt;\n&lt;div class=&quot;ccMapLeft&quot;&gt;&lt;strong&gt;Adresse:&lt;\/strong&gt;&lt;br \/&gt;\nRegione Abissinia \u2013 Localit\u00e0 Lago Azzurro&lt;br \/&gt;\nVia dei Mille, 144&lt;br \/&gt;\n17031 Bastia d\u2019Albenga (SV)&lt;\/div&gt;\n&lt;div class=&quot;ccMapLeft&quot;&gt;Italien&lt;\/div&gt;\n&lt;div class=&quot;ccMapRight&quot;&gt;&lt;strong&gt;Kontakt&lt;\/strong&gt;:&lt;br \/&gt;\nE-Mail: &lt;a href=&quot;mailto:info@coffein-compagnie.de&quot;&gt;info@coffein-compagnie.de&lt;\/a&gt;&lt;br \/&gt;\nTel.: +49 (421) 4101-116&lt;\/div&gt;\n&lt;div&gt;&lt;\/div&gt;\n&lt;div class=&quot;ccReadMore&quot;&gt;&lt;a href=&quot;#italienPin&quot;&gt;mehr lesen&lt;\/a&gt;&lt;\/div&gt;\n&lt;p&gt;&lt;\/p&gt;\n&lt;p&gt;\" data-arrowposition=\"bottom\"><span style=\"background:#ffffff;\"><\/span><\/a><\/div><div class=\"hotspot-item pulse-white \" style=\"top:49%;left:74%;\" data-top=\"49%\" data-left=\"74%\"><a href=\"#\" class=\"cq-tooltip\" style=\"background:#ffffff;\" data-tooltip=\"\n&lt;h5&gt;Coffein Compagnie in der Dong Nai Province, Vietnam&lt;\/h5&gt;\n&lt;p&gt;&lt;span style=&quot;color: #939c50;&quot;&gt;&lt;strong&gt;Coffein Compagnie Vietnam Co. LTD&lt;\/strong&gt;&lt;\/span&gt;&lt;\/p&gt;\n&lt;div class=&quot;ccMapLeft&quot;&gt;&lt;strong&gt;Adresse:&lt;\/strong&gt;&lt;br \/&gt;\nRoad no.7 Long Thanh Industrial Zone&lt;br \/&gt;\nDong Nai Province&lt;br \/&gt;\nVietnam&lt;\/div&gt;\n&lt;div class=&quot;ccMapRight&quot;&gt;&lt;strong&gt;Kontakt&lt;\/strong&gt;:&lt;br \/&gt;\nE-Mail: &lt;a href=&quot;mailto:info@coffein-compagnie.de&quot;&gt;info@coffein-compagnie.de&lt;\/a&gt;&lt;br \/&gt;\nTel.: +49 (421) 4101-116&lt;\/div&gt;\n&lt;div&gt;&lt;\/div&gt;\n&lt;div class=&quot;ccReadMore&quot;&gt;&lt;a href=&quot;#vietnamPin&quot;&gt;mehr lesen&lt;\/a&gt;&lt;\/div&gt;\n&lt;p&gt;\" data-arrowposition=\"bottom\"><span style=\"background:#ffffff;\"><\/span><\/a><\/div><\/div><\/div>[vc_raw_html]PGEgaWQ9ImRldXRzY2hsYW5kUGluIiBuYW1lPSJkZXV0c2NobGFuZFBpbiI+PC9hPg==[\/vc_raw_html][\/vc_column][\/vc_row][vc_row el_class=&#8221;mobileHide&#8221;][vc_column][vc_empty_space height=&#8221;60px&#8221;][\/vc_column][\/vc_row][vc_section full_width=&#8221;stretch_row&#8221; css=&#8221;.vc_custom_1628761993732{background-color: rgba(100,103,100,0.04) !important;*background-color: rgb(100,103,100) !important;}&#8221; el_class=&#8221;paddingTop75 paddingBottom40&#8243;][vc_row][vc_column width=&#8221;1\/2&#8243; el_class=&#8221;regular&#8221;][vc_column_text el_class=&#8221;regular&#8221;]<\/p>\n<h2>Coffein Compagnie<\/h2>\n<p>Bremen, Germany<\/p>\n<p>The hanseatic city of Bremen is one of the large harbour cities in Northern Germany. It contains a long tradition in coffee and trading. Bremen is the birthplace of the decaffeination of coffee, as well. For over 90 years the Coffein Comapgnie produces with 250 employees decaffeinated coffee and natural caffeine on this site. The branch in Bremen is the company\u2019s headquarters with the group management, trading department, process technology development and the product research institute.<\/p>\n<p>Since 2009 the Coffein Compagnie Bremen is IFS-certified (Global Safety and Quality Standard International Featured Standard) and guarantees product safety on the highest level. Further certifications are AEO, C-TPAT, and FDA. The in-house laboratory is accredited by the german accreditation body since 2014.[\/vc_column_text][vc_single_image image=&#8221;59528&#8243; img_size=&#8221;medium&#8221;][\/vc_column][vc_column width=&#8221;1\/2&#8243;][vc_single_image image=&#8221;57697&#8243; img_size=&#8221;full&#8221; alignment=&#8221;center&#8221; style=&#8221;vc_box_circle&#8221; css_animation=&#8221;slideInRight&#8221; lazy_loading=&#8221;true&#8221;][vc_single_image image=&#8221;59086&#8243; img_size=&#8221;full&#8221; alignment=&#8221;center&#8221; css_animation=&#8221;fadeIn&#8221; lazy_loading=&#8221;true&#8221; el_class=&#8221;ccMapLogo&#8221;][\/vc_column][\/vc_row][vc_row][vc_column][vc_empty_space height=&#8221;1px&#8221; el_id=&#8221;vietnamPin&#8221;][\/vc_column][\/vc_row][\/vc_section][vc_section full_width=&#8221;stretch_row&#8221; el_class=&#8221;paddingTop75 paddingBottom40&#8243;][vc_row][vc_column width=&#8221;1\/2&#8243;][vc_column_text el_class=&#8221;regular&#8221;]<\/p>\n<h2>Coffein Compagnie Vietnam<\/h2>\n<p>Long Thanh, Dong Nai Province, Vietnam<\/p>\n<p>Vietnam is the second largest coffee cultivation country in the world. The plant in Long Thanh produces decaffeinated coffee and natural caffeine in the outskirts of Ho Chi Min City (Saigon). The company formerly know as Hiang Kie Limited was established in 2006 by International Coffee Traders PTE LTD Singapore and became part of our group though our 2018 acquisition. With the integration of the plant in Vietnam the Coffein Compagnie extended their capacities by another FDA- and IFS-certified branch with 90 employees.[\/vc_column_text][\/vc_column][vc_column width=&#8221;1\/2&#8243;][vc_single_image image=&#8221;60121&#8243; img_size=&#8221;full&#8221; alignment=&#8221;center&#8221; style=&#8221;vc_box_circle&#8221; css_animation=&#8221;slideInRight&#8221; lazy_loading=&#8221;true&#8221;][vc_single_image image=&#8221;59081&#8243; img_size=&#8221;full&#8221; alignment=&#8221;center&#8221; css_animation=&#8221;fadeIn&#8221; lazy_loading=&#8221;true&#8221; el_class=&#8221;ccMapLogo&#8221;][\/vc_column][\/vc_row][vc_row][vc_column][vc_empty_space height=&#8221;1px&#8221; el_id=&#8221;italienPin&#8221;][\/vc_column][\/vc_row][\/vc_section][vc_section full_width=&#8221;stretch_row&#8221; css=&#8221;.vc_custom_1628762167917{background-color: rgba(100,103,100,0.04) !important;*background-color: rgb(100,103,100) !important;}&#8221; el_class=&#8221;paddingTop75 paddingBottom40&#8243;][vc_row][vc_column width=&#8221;1\/2&#8243;][vc_column_text el_class=&#8221;regular&#8221;]<\/p>\n<h2>Coffein Compagnie Italy<\/h2>\n<p>Regione Abissinia, Localit\u00e0 Lago Azzurro, Italien<\/p>\n<p>Coffein Compagnie Italy formerly known as Stabilimento Testa was established as a pharmaceutical laboratory on the italian Riviera in 1885. Testa focussed on the production of pure, natural caffeine the main business was the production of small industrial amounts of pharmaceuticals. Since our 2019 acquisition with its 35 employees is a member of the Coffein Compagnie family and fulfills standards of ISO 9001:2015, BRC7- and HACCP-certifications.[\/vc_column_text][vc_column_text]<a style=\"text-decoration: none; text-transform: uppercase; font-family: Red Hat Text-Bold;\" href=\"https:\/\/www.coffein-compagnie.it\" target=\"_blank\" rel=\"noopener\"><i class=\"fa fa-chevron-right\"><\/i> Visit Website<\/a>[\/vc_column_text][\/vc_column][vc_column width=&#8221;1\/2&#8243;][vc_single_image image=&#8221;57694&#8243; img_size=&#8221;full&#8221; alignment=&#8221;center&#8221; style=&#8221;vc_box_circle&#8221; css_animation=&#8221;slideInRight&#8221; lazy_loading=&#8221;true&#8221;][vc_single_image image=&#8221;59083&#8243; img_size=&#8221;full&#8221; alignment=&#8221;center&#8221; css_animation=&#8221;fadeIn&#8221; lazy_loading=&#8221;true&#8221; el_class=&#8221;ccMapLogo&#8221;][\/vc_column][\/vc_row][vc_row][vc_column][vc_empty_space height=&#8221;1px&#8221; el_id=&#8221;usaPin&#8221;][\/vc_column][\/vc_row][\/vc_section][vc_section full_width=&#8221;stretch_row&#8221; el_class=&#8221;paddingTop75 paddingBottom40&#8243;][vc_row][vc_column width=&#8221;1\/2&#8243; el_class=&#8221;regular&#8221;][vc_column_text css=&#8221;&#8221; el_class=&#8221;regular&#8221;]<\/p>\n<h2>Coffein Compagnie USA<\/h2>\n<p><\/p>\n<div>Miami, USA<\/div>\n<p><\/p>\n<div><\/div>\n<p><\/p>\n<div><span lang=\"EN-US\">To reach out to our american clients in person and offering the best service available Coffein Compagnie USA Inc. was founded in 2015. Short noticed answers to clients requests are offered with longtime experience in coffee business, internal quality checks and market informations.<\/span><\/div>\n<p>[\/vc_column_text][\/vc_column][vc_column width=&#8221;1\/2&#8243;][vc_single_image image=&#8221;60294&#8243; img_size=&#8221;full&#8221; alignment=&#8221;center&#8221; style=&#8221;vc_box_circle&#8221; css_animation=&#8221;slideInRight&#8221; css=&#8221;&#8221; lazy_loading=&#8221;true&#8221;][vc_single_image image=&#8221;59077&#8243; img_size=&#8221;full&#8221; alignment=&#8221;center&#8221; css_animation=&#8221;fadeIn&#8221; lazy_loading=&#8221;true&#8221; el_class=&#8221;ccMapLogo&#8221;][vc_column_text css=&#8221;&#8221;]<\/p>\n<p style=\"text-align: right; font-size: 14px;\">\u00a9 Brian Lundquist\/Unsplash<\/p>\n<p>[\/vc_column_text][\/vc_column][\/vc_row][vc_row][vc_column][vc_empty_space height=&#8221;1px&#8221; el_id=&#8221;kolumbienPin&#8221;][\/vc_column][\/vc_row][\/vc_section][vc_section full_width=&#8221;stretch_row&#8221; css=&#8221;.vc_custom_1628762140724{background-color: rgba(100,103,100,0.04) !important;*background-color: rgb(100,103,100) !important;}&#8221; el_class=&#8221;paddingTop75 paddingBottom40&#8243;][vc_row][vc_column width=&#8221;1\/2&#8243;][vc_column_text el_class=&#8221;regular&#8221;]<\/p>\n<h2>Compa\u00f1\u00eda Nacional del Caf\u00e9<\/h2>\n<p>Manizales, Colombia<\/p>\n<p>Close to the Vulcano Nevado del Ruiz in the Andes, the departamento Caldas and its capitol Manizales is located on an altitude of 2.160 meters. In the northern part of columbian coffee cultivation regions, best requirements are given by the fertile soils for harvesting high quality green coffee beans. Since 2003 Cafe National de Colombia is taking part in the group of Coffein Compagnie by planting, processing, trading and exporting this regions coffees. Our team works closely with local cooperatives and is able to offer finest columbian qualities.<\/p>\n<p>&nbsp;<\/p>\n<p>Our range contains the following provenances:<\/p>\n<p>La Ceiba Supremo, Huila Excelso, Huila Supremo and El Guadual Supremo.[\/vc_column_text][\/vc_column][vc_column width=&#8221;1\/2&#8243;][vc_single_image image=&#8221;59106&#8243; img_size=&#8221;515x515px&#8221; alignment=&#8221;center&#8221; style=&#8221;vc_box_circle&#8221; css_animation=&#8221;slideInRight&#8221; lazy_loading=&#8221;true&#8221;][vc_single_image image=&#8221;59347&#8243; img_size=&#8221;full&#8221; alignment=&#8221;center&#8221; css_animation=&#8221;fadeIn&#8221; lazy_loading=&#8221;true&#8221; el_class=&#8221;ccMapLogo&#8221;][\/vc_column][\/vc_row][\/vc_section]<\/p>\n<\/div>","protected":false},"excerpt":{"rendered":"<p>[vc_row content_placement=&#8221;bottom&#8221; bg_type=&#8221;image&#8221; parallax_style=&#8221;vcpb-default&#8221; bg_image_new=&#8221;id^58282|url^https:\/\/www.coffein-compagnie.de\/wp-content\/uploads\/2021\/06\/iStock-182726638-scaled.jpg|caption^World map shape made with coffee beans|alt^null|title^Coffee world map|description^null&#8221; bg_image_repeat=&#8221;no-repeat&#8221; bg_override=&#8221;full&#8221; type=&#8221;vc_default&#8221; css=&#8221;.vc_custom_1627470569015{padding-top: 100px !important;padding-right: 0px !important;padding-left: 0px !important;}&#8221; el_id=&#8221;ccPageHeader&#8221; el_class=&#8221;ccPageHeader&#8221;][vc_column][vc_row_inner equal_height=&#8221;yes&#8221; css=&#8221;.vc_custom_1624371500367{padding-top: 82px !important;}&#8221; el_class=&#8221;reverse-row-on-mobile&#8221; el_id=&#8221;HeadingBlock1&#8243;][vc_column_inner el_class=&#8221;ccheader&#8221; width=&#8221;7\/12&#8243; offset=&#8221;vc_col-lg-12 vc_col-md-12 vc_col-xs-12&#8243; css=&#8221;.vc_custom_1643043459116{margin-top: 0px !important;margin-right: 0px !important;margin-bottom: 0px !important;margin-left: 0px !important;padding-top: 0px !important;padding-right: 25px !important;padding-bottom: 40px !important;padding-left: 25px !important;}&#8221;][\/vc_column_inner][\/vc_row_inner][\/vc_column][\/vc_row][vc_row][vc_column][vc_raw_html]PGEgaWQ9ImRldXRzY2hsYW5kUGluIiBuYW1lPSJkZXV0c2NobGFuZFBpbiI+PC9hPg==[\/vc_raw_html][\/vc_column][\/vc_row][vc_row el_class=&#8221;mobileHide&#8221;][vc_column][vc_empty_space height=&#8221;60px&#8221;][\/vc_column][\/vc_row][vc_section&hellip;<\/p>\n","protected":false},"author":1,"featured_media":0,"parent":0,"menu_order":0,"comment_status":"closed","ping_status":"closed","template":"","meta":{"_acf_changed":false,"inline_featured_image":false,"footnotes":""},"class_list":["post-57619","page","type-page","status-publish","hentry","description-off"],"aioseo_notices":[],"acf":[],"_links":{"self":[{"href":"https:\/\/www.coffein-compagnie.de\/en\/wp-json\/wp\/v2\/pages\/57619","targetHints":{"allow":["GET"]}}],"collection":[{"href":"https:\/\/www.coffein-compagnie.de\/en\/wp-json\/wp\/v2\/pages"}],"about":[{"href":"https:\/\/www.coffein-compagnie.de\/en\/wp-json\/wp\/v2\/types\/page"}],"author":[{"embeddable":true,"href":"https:\/\/www.coffein-compagnie.de\/en\/wp-json\/wp\/v2\/users\/1"}],"replies":[{"embeddable":true,"href":"https:\/\/www.coffein-compagnie.de\/en\/wp-json\/wp\/v2\/comments?post=57619"}],"version-history":[{"count":181,"href":"https:\/\/www.coffein-compagnie.de\/en\/wp-json\/wp\/v2\/pages\/57619\/revisions"}],"predecessor-version":[{"id":60470,"href":"https:\/\/www.coffein-compagnie.de\/en\/wp-json\/wp\/v2\/pages\/57619\/revisions\/60470"}],"wp:attachment":[{"href":"https:\/\/www.coffein-compagnie.de\/en\/wp-json\/wp\/v2\/media?parent=57619"}],"curies":[{"name":"wp","href":"https:\/\/api.w.org\/{rel}","templated":true}]}}